{"id":106,"date":"2020-09-25T17:56:53","date_gmt":"2020-09-25T17:56:53","guid":{"rendered":"http:\/\/localhost\/muse\/?page_id=106"},"modified":"2024-05-07T14:37:48","modified_gmt":"2024-05-07T19:37:48","slug":"services","status":"publish","type":"page","link":"https:\/\/meridian-muse.com\/es\/services\/","title":{"rendered":"SERVICIOS"},"content":{"rendered":"<p>[et_pb_section fb_built=&#8221;1&#8243; _builder_version=&#8221;4.16&#8243; _module_preset=&#8221;default&#8221; background_image=&#8221;https:\/\/meridian-muse.com\/wp-content\/uploads\/2021\/06\/SALO-BN_SERVICES.png&#8221; parallax=&#8221;on&#8221; parallax_method=&#8221;off&#8221; global_colors_info=&#8221;{}&#8221; da_is_popup=&#8221;off&#8221; da_exit_intent=&#8221;off&#8221; da_has_close=&#8221;on&#8221; da_alt_close=&#8221;off&#8221; da_dark_close=&#8221;off&#8221; da_not_modal=&#8221;on&#8221; da_is_singular=&#8221;off&#8221; da_with_loader=&#8221;off&#8221; da_has_shadow=&#8221;on&#8221; da_disable_devices=&#8221;off|off|off&#8221;][et_pb_row _builder_version=&#8221;4.16&#8243; _module_preset=&#8221;default&#8221; custom_margin=&#8221;|auto||63px||&#8221; animation_style=&#8221;slide&#8221; animation_direction=&#8221;left&#8221; animation_intensity_slide=&#8221;25%&#8221; global_colors_info=&#8221;{}&#8221;][et_pb_column type=&#8221;4_4&#8243; _builder_version=&#8221;4.16&#8243; _module_preset=&#8221;default&#8221; background_enable_color=&#8221;off&#8221; background_image=&#8221;https:\/\/meridian-muse.com\/wp-content\/uploads\/2021\/07\/cuadro_conv1.png&#8221; global_colors_info=&#8221;{}&#8221;][et_pb_text _builder_version=&#8221;4.16&#8243; _module_preset=&#8221;default&#8221; header_font=&#8221;Helvetica Bold|600|||||||&#8221; header_text_color=&#8221;#FFFFFF&#8221; header_font_size=&#8221;70px&#8221; header_line_height=&#8221;1.2em&#8221; custom_margin=&#8221;|-85px||||&#8221; custom_margin_tablet=&#8221;&#8221; custom_margin_phone=&#8221;|0px|||false|false&#8221; custom_margin_last_edited=&#8221;on|phone&#8221; custom_padding=&#8221;68px|70px|68px|70px|true|true&#8221; custom_padding_tablet=&#8221;&#8221; custom_padding_phone=&#8221;|10px||10px|true|true&#8221; custom_padding_last_edited=&#8221;on|phone&#8221; header_font_size_tablet=&#8221;53px&#8221; header_font_size_phone=&#8221;30px&#8221; header_font_size_last_edited=&#8221;on|phone&#8221; global_colors_info=&#8221;{}&#8221;]<\/p>\n<h1>MAKE YOUR ART TRANSCEND BOUNDARIES<\/h1>\n<p>[\/et_pb_text][\/et_pb_column][\/et_pb_row][et_pb_row column_structure=&#8221;1_3,1_3,1_3&#8243; use_custom_gutter=&#8221;on&#8221; gutter_width=&#8221;2&#8243; make_equal=&#8221;on&#8221; _builder_version=&#8221;4.16&#8243; _module_preset=&#8221;default&#8221; width=&#8221;90%&#8221; max_width=&#8221;100%&#8221; height=&#8221;70vh&#8221; height_tablet=&#8221;&#8221; height_phone=&#8221;&#8221; height_last_edited=&#8221;on|phone&#8221; animation_style=&#8221;fade&#8221; locked=&#8221;off&#8221; global_colors_info=&#8221;{}&#8221;][et_pb_column type=&#8221;1_3&#8243; _builder_version=&#8221;4.16&#8243; _module_preset=&#8221;default&#8221; background_color=&#8221;rgba(0,0,0,0.5)&#8221; border_width_all=&#8221;15px&#8221; global_colors_info=&#8221;{}&#8221; border_color_all__hover_enabled=&#8221;on|hover&#8221; border_color_all__hover=&#8221;#FFFFFF&#8221; background__hover_enabled=&#8221;on|hover&#8221; background_color__hover=&#8221;rgba(0,0,0,0.86)&#8221; background_enable_color__hover=&#8221;on&#8221;][et_pb_cta title=&#8221;INTERPRETING&#8221; button_url=&#8221;https:\/\/meridian-muse.com\/interpreting\/&#8221; button_text=&#8221;LEARN MORE&#8221; _builder_version=&#8221;4.25.0&#8243; _module_preset=&#8221;default&#8221; header_font=&#8221;Helvetica Bold|700|||||||&#8221; header_text_color=&#8221;#FFFFFF&#8221; body_font=&#8221;Helvetica|300|||||||&#8221; body_font_size=&#8221;18px&#8221; body_line_height=&#8221;2em&#8221; background_enable_color=&#8221;off&#8221; custom_button=&#8221;on&#8221; button_bg_color=&#8221;#053ce3&#8243; button_border_color=&#8221;RGBA(0,0,0,0)&#8221; button_font=&#8221;Helvetica||||||||&#8221; custom_margin=&#8221;60px||||false|false&#8221; animation_style=&#8221;slide&#8221; animation_direction=&#8221;bottom&#8221; animation_intensity_slide=&#8221;24%&#8221; hover_enabled=&#8221;0&#8243; global_colors_info=&#8221;{}&#8221; sticky_enabled=&#8221;0&#8243;]<\/p>\n<p>Appeal to a truly international crowd with multilingual live translation at your event.<\/p>\n<p>[\/et_pb_cta][\/et_pb_column][et_pb_column type=&#8221;1_3&#8243; _builder_version=&#8221;4.16&#8243; _module_preset=&#8221;default&#8221; background_color=&#8221;rgba(0,0,0,0.5)&#8221; border_width_all=&#8221;15px&#8221; global_colors_info=&#8221;{}&#8221; border_color_all__hover_enabled=&#8221;on|hover&#8221; border_color_all__hover=&#8221;#053ce3&#8243; background__hover_enabled=&#8221;on|desktop&#8221; background_color__hover=&#8221;rgba(0,0,0,0.86)&#8221; background_enable_color__hover=&#8221;on&#8221;][et_pb_cta title=&#8221;TRANSLATION&#8221; button_url=&#8221;https:\/\/meridian-muse.com\/translation\/&#8221; button_text=&#8221;LEARN MORE&#8221; _builder_version=&#8221;4.16&#8243; _module_preset=&#8221;default&#8221; header_font=&#8221;Helvetica Bold|700|||||||&#8221; header_text_color=&#8221;#FFFFFF&#8221; body_font=&#8221;Helvetica|300|||||||&#8221; body_font_size=&#8221;18px&#8221; body_line_height=&#8221;2em&#8221; background_enable_color=&#8221;off&#8221; custom_button=&#8221;on&#8221; button_bg_color=&#8221;#053ce3&#8243; button_border_color=&#8221;RGBA(0,0,0,0)&#8221; button_font=&#8221;Helvetica||||||||&#8221; custom_margin=&#8221;60px||||false|false&#8221; animation_style=&#8221;slide&#8221; animation_direction=&#8221;top&#8221; animation_intensity_slide=&#8221;25%&#8221; global_colors_info=&#8221;{}&#8221; background__hover_enabled=&#8221;on|hover&#8221; background_color__hover=&#8221;RGBA(0,0,0,0)&#8221; background_enable_color__hover=&#8221;on&#8221;]<\/p>\n<p>Attract Spanish-speaking audiences with compelling texts.<\/p>\n<p>[\/et_pb_cta][\/et_pb_column][et_pb_column type=&#8221;1_3&#8243; _builder_version=&#8221;4.16&#8243; _module_preset=&#8221;default&#8221; background_color=&#8221;rgba(0,0,0,0.5)&#8221; border_width_all=&#8221;15px&#8221; global_colors_info=&#8221;{}&#8221; border_color_all__hover_enabled=&#8221;on|hover&#8221; border_color_all__hover=&#8221;#ffffff&#8221; background__hover_enabled=&#8221;on|desktop&#8221; background_color__hover=&#8221;rgba(0,0,0,0.86)&#8221; background_enable_color__hover=&#8221;on&#8221;][et_pb_cta title=&#8221;VOICEOVER&#8221; button_url=&#8221;https:\/\/meridian-muse.com\/subtitling\/&#8221; button_text=&#8221;LEARN MORE&#8221; _builder_version=&#8221;4.25.0&#8243; _module_preset=&#8221;default&#8221; header_font=&#8221;Helvetica Bold|700|||||||&#8221; header_text_color=&#8221;#FFFFFF&#8221; body_font=&#8221;Helvetica|300|||||||&#8221; body_font_size=&#8221;18px&#8221; body_line_height=&#8221;2em&#8221; background_enable_color=&#8221;off&#8221; custom_button=&#8221;on&#8221; button_bg_color=&#8221;#053ce3&#8243; button_border_color=&#8221;RGBA(0,0,0,0)&#8221; button_font=&#8221;Helvetica||||||||&#8221; custom_margin=&#8221;60px||||false|false&#8221; animation_style=&#8221;slide&#8221; animation_direction=&#8221;bottom&#8221; animation_intensity_slide=&#8221;24%&#8221; hover_enabled=&#8221;0&#8243; global_colors_info=&#8221;{}&#8221; sticky_enabled=&#8221;0&#8243;]<\/p>\n<p>Boost audiences\u2019 engagement with a compelling Spanish voice.<\/p>\n<p>[\/et_pb_cta][\/et_pb_column][\/et_pb_row][\/et_pb_section]<\/p>\n<span class=\"et_bloom_bottom_trigger\"><\/span>","protected":false},"excerpt":{"rendered":"<p>HAGA QUE SU ARTE TRASCIENDA LOS L\u00cdMITES Atraiga a un p\u00fablico verdaderamente internacional con traducci\u00f3n multiling\u00fce en vivo en su evento. Atraiga audiencias de habla hispana con textos atractivos. Aumente la participaci\u00f3n de la audiencia con una voz en espa\u00f1ol convincente.<\/p>","protected":false},"author":1,"featured_media":919,"parent":0,"menu_order":0,"comment_status":"closed","ping_status":"closed","template":"","meta":{"_et_pb_use_builder":"on","_et_pb_old_content":"<!-- wp:spacer {\"height\":47} -->\n<div style=\"height:47px\" aria-hidden=\"true\" class=\"wp-block-spacer\"><\/div>\n<!-- \/wp:spacer -->\n\n<!-- wp:uagb\/columns {\"block_id\":\"4039ce2d\",\"classMigrate\":true,\"bottomPadding\":0,\"contentWidth\":\"custom\",\"width\":100,\"widthType\":\"%\"} -->\n<section class=\"wp-block-uagb-columns uagb-columns__wrap uagb-columns__background-undefined uagb-columns__stack-mobile uagb-columns__valign-undefined uagb-columns__gap-10 alignundefined uagb-block-4039ce2d\"><div class=\"uagb-columns__overlay\"><\/div><div class=\"uagb-columns__inner-wrap uagb-columns__columns-2\"><!-- wp:uagb\/column {\"block_id\":\"40a6342c\",\"classMigrate\":true,\"leftPadding\":0,\"colWidth\":66.66} -->\n<div class=\"wp-block-uagb-column uagb-column__wrap uagb-column__background-undefined uagb-block-40a6342c\"><div class=\"uagb-column__overlay\"><\/div><div class=\"uagb-column__inner-wrap\"><!-- wp:heading {\"textAlign\":\"left\",\"level\":1,\"backgroundColor\":\"white\",\"textColor\":\"black\"} -->\n<h1 class=\"has-text-align-left has-black-color has-white-background-color has-text-color has-background\">HOW I CAN HELP YOU<\/h1>\n<!-- \/wp:heading --><\/div><\/div>\n<!-- \/wp:uagb\/column -->\n\n<!-- wp:uagb\/column {\"block_id\":\"7a9ad4fa\",\"classMigrate\":true,\"colWidth\":33.33} -->\n<div class=\"wp-block-uagb-column uagb-column__wrap uagb-column__background-undefined uagb-block-7a9ad4fa\"><div class=\"uagb-column__overlay\"><\/div><div class=\"uagb-column__inner-wrap\"><\/div><\/div>\n<!-- \/wp:uagb\/column --><\/div><\/section>\n<!-- \/wp:uagb\/columns -->\n\n<!-- wp:cover {\"overlayColor\":\"white\"} -->\n<div class=\"wp-block-cover has-white-background-color has-background-dim\"><div class=\"wp-block-cover__inner-container\"><!-- wp:uagb\/columns {\"block_id\":\"1ac503ae\",\"classMigrate\":true,\"columns\":3,\"contentWidth\":\"custom\",\"width\":85,\"widthType\":\"%\"} -->\n<section class=\"wp-block-uagb-columns uagb-columns__wrap uagb-columns__background-undefined uagb-columns__stack-mobile uagb-columns__valign-undefined uagb-columns__gap-10 alignundefined uagb-block-1ac503ae\"><div class=\"uagb-columns__overlay\"><\/div><div class=\"uagb-columns__inner-wrap uagb-columns__columns-3\"><!-- wp:uagb\/column {\"block_id\":\"d93850dd\",\"classMigrate\":true,\"colWidth\":33.33} -->\n<div class=\"wp-block-uagb-column uagb-column__wrap uagb-column__background-undefined uagb-block-d93850dd\"><div class=\"uagb-column__overlay\"><\/div><div class=\"uagb-column__inner-wrap\"><!-- wp:heading {\"textColor\":\"black\"} -->\n<h2 class=\"has-black-color has-text-color\"><strong>TRANSLATION<\/strong><\/h2>\n<!-- \/wp:heading -->\n\n<!-- wp:paragraph {\"textColor\":\"black\"} -->\n<p class=\"has-black-color has-text-color\">Attract Spanish-speaking audiences with compelling <br>writing.<\/p>\n<!-- \/wp:paragraph -->\n\n<!-- wp:shortcode -->\n<a class=\"button more-link\" href=\"http:\/\/meridian-muse.com\/translation\/\">LEARN MORE<\/a>\n<!-- \/wp:shortcode -->\n\n<!-- wp:spacer -->\n<div style=\"height:100px\" aria-hidden=\"true\" class=\"wp-block-spacer\"><\/div>\n<!-- \/wp:spacer --><\/div><\/div>\n<!-- \/wp:uagb\/column -->\n\n<!-- wp:uagb\/column {\"block_id\":\"53009946\",\"classMigrate\":true,\"colWidth\":33.33} -->\n<div class=\"wp-block-uagb-column uagb-column__wrap uagb-column__background-undefined uagb-block-53009946\"><div class=\"uagb-column__overlay\"><\/div><div class=\"uagb-column__inner-wrap\"><!-- wp:heading {\"textColor\":\"black\"} -->\n<h2 class=\"has-black-color has-text-color\"><strong>SUBTITLING<\/strong><\/h2>\n<!-- \/wp:heading -->\n\n<!-- wp:paragraph {\"textColor\":\"black\"} -->\n<p class=\"has-black-color has-text-color\">Boost viewers\u2019 engagement with videos that feature subtitles in Spanish.<\/p>\n<!-- \/wp:paragraph -->\n\n<!-- wp:shortcode -->\n<a class=\"button more-link\" href=\"http:\/\/meridian-muse.com\/subtitling\/\">LEARN MORE<\/a>\n<!-- \/wp:shortcode -->\n\n<!-- wp:spacer -->\n<div style=\"height:100px\" aria-hidden=\"true\" class=\"wp-block-spacer\"><\/div>\n<!-- \/wp:spacer --><\/div><\/div>\n<!-- \/wp:uagb\/column -->\n\n<!-- wp:uagb\/column {\"block_id\":\"19e66ef1\",\"classMigrate\":true,\"colWidth\":33.33} -->\n<div class=\"wp-block-uagb-column uagb-column__wrap uagb-column__background-undefined uagb-block-19e66ef1\"><div class=\"uagb-column__overlay\"><\/div><div class=\"uagb-column__inner-wrap\"><!-- wp:heading {\"textColor\":\"black\"} -->\n<h2 class=\"has-black-color has-text-color\"><strong>INTERPRETING<\/strong><\/h2>\n<!-- \/wp:heading -->\n\n<!-- wp:paragraph {\"textColor\":\"black\"} -->\n<p class=\"has-black-color has-text-color\">Appeal to a truly international crowd with multilingual events.<\/p>\n<!-- \/wp:paragraph -->\n\n<!-- wp:shortcode -->\n<a class=\"button more-link\" href=\"http:\/\/meridian-muse.com\/interpreting\/\">LEARN MORE<\/a>\n<!-- \/wp:shortcode -->\n\n<!-- wp:spacer -->\n<div style=\"height:100px\" aria-hidden=\"true\" class=\"wp-block-spacer\"><\/div>\n<!-- \/wp:spacer -->\n\n<!-- wp:paragraph -->\n<p><\/p>\n<!-- \/wp:paragraph --><\/div><\/div>\n<!-- \/wp:uagb\/column --><\/div><\/section>\n<!-- \/wp:uagb\/columns -->\n\n<!-- wp:paragraph {\"align\":\"center\",\"placeholder\":\"R\u00e9digez le titre\u2026\",\"fontSize\":\"large\"} -->\n<p class=\"has-text-align-center has-large-font-size\"><\/p>\n<!-- \/wp:paragraph --><\/div><\/div>\n<!-- \/wp:cover -->\n\n<!-- wp:block {\"ref\":1606} \/-->\n\n<!-- wp:paragraph -->\n<p><\/p>\n<!-- \/wp:paragraph -->","_et_gb_content_width":"","_editorskit_title_hidden":false,"_editorskit_reading_time":0,"_editorskit_is_block_options_detached":false,"_editorskit_block_options_position":"{}","footnotes":""},"class_list":["post-106","page","type-page","status-publish","has-post-thumbnail","hentry"],"yoast_head":"<!-- This site is optimized with the Yoast SEO plugin v27.3 - https:\/\/yoast.com\/product\/yoast-seo-wordpress\/ -->\n<title>SERVICES - Meridian Muse<\/title>\n<meta name=\"robots\" content=\"index, follow, max-snippet:-1, max-image-preview:large, max-video-preview:-1\" \/>\n<link rel=\"canonical\" href=\"https:\/\/meridian-muse.com\/es\/services\/\" \/>\n<meta property=\"og:locale\" content=\"es_MX\" \/>\n<meta property=\"og:type\" content=\"article\" \/>\n<meta property=\"og:title\" content=\"SERVICES - Meridian Muse\" \/>\n<meta property=\"og:description\" content=\"MAKE YOUR ART TRANSCEND BOUNDARIESAppeal to a truly international crowd with multilingual live translation at your event.Attract Spanish-speaking audiences with compelling texts.Boost audiences\u2019 engagement with a compelling Spanish voice.\" \/>\n<meta property=\"og:url\" content=\"https:\/\/meridian-muse.com\/es\/services\/\" \/>\n<meta property=\"og:site_name\" content=\"Meridian Muse\" \/>\n<meta property=\"article:publisher\" content=\"https:\/\/www.facebook.com\/meridianmuse.art\" \/>\n<meta property=\"article:modified_time\" content=\"2024-05-07T19:37:48+00:00\" \/>\n<meta property=\"og:image\" content=\"https:\/\/meridian-muse.com\/wp-content\/uploads\/2020\/11\/about-salome-meridian-translation-scaled.jpg\" \/>\n\t<meta property=\"og:image:width\" content=\"2560\" \/>\n\t<meta property=\"og:image:height\" content=\"1707\" \/>\n\t<meta property=\"og:image:type\" content=\"image\/jpeg\" \/>\n<meta name=\"twitter:card\" content=\"summary_large_image\" \/>\n<script type=\"application\/ld+json\" class=\"yoast-schema-graph\">{\"@context\":\"https:\\\/\\\/schema.org\",\"@graph\":[{\"@type\":\"WebPage\",\"@id\":\"https:\\\/\\\/meridian-muse.com\\\/services\\\/\",\"url\":\"https:\\\/\\\/meridian-muse.com\\\/services\\\/\",\"name\":\"SERVICES - Meridian Muse\",\"isPartOf\":{\"@id\":\"https:\\\/\\\/meridian-muse.com\\\/#website\"},\"primaryImageOfPage\":{\"@id\":\"https:\\\/\\\/meridian-muse.com\\\/services\\\/#primaryimage\"},\"image\":{\"@id\":\"https:\\\/\\\/meridian-muse.com\\\/services\\\/#primaryimage\"},\"thumbnailUrl\":\"https:\\\/\\\/meridian-muse.com\\\/wp-content\\\/uploads\\\/2020\\\/11\\\/about-salome-meridian-translation-scaled.jpg\",\"datePublished\":\"2020-09-25T17:56:53+00:00\",\"dateModified\":\"2024-05-07T19:37:48+00:00\",\"breadcrumb\":{\"@id\":\"https:\\\/\\\/meridian-muse.com\\\/services\\\/#breadcrumb\"},\"inLanguage\":\"es\",\"potentialAction\":[{\"@type\":\"ReadAction\",\"target\":[\"https:\\\/\\\/meridian-muse.com\\\/services\\\/\"]}]},{\"@type\":\"ImageObject\",\"inLanguage\":\"es\",\"@id\":\"https:\\\/\\\/meridian-muse.com\\\/services\\\/#primaryimage\",\"url\":\"https:\\\/\\\/meridian-muse.com\\\/wp-content\\\/uploads\\\/2020\\\/11\\\/about-salome-meridian-translation-scaled.jpg\",\"contentUrl\":\"https:\\\/\\\/meridian-muse.com\\\/wp-content\\\/uploads\\\/2020\\\/11\\\/about-salome-meridian-translation-scaled.jpg\",\"width\":2560,\"height\":1707},{\"@type\":\"BreadcrumbList\",\"@id\":\"https:\\\/\\\/meridian-muse.com\\\/services\\\/#breadcrumb\",\"itemListElement\":[{\"@type\":\"ListItem\",\"position\":1,\"name\":\"Accueil\",\"item\":\"https:\\\/\\\/meridian-muse.com\\\/\"},{\"@type\":\"ListItem\",\"position\":2,\"name\":\"SERVICES\"}]},{\"@type\":\"WebSite\",\"@id\":\"https:\\\/\\\/meridian-muse.com\\\/#website\",\"url\":\"https:\\\/\\\/meridian-muse.com\\\/\",\"name\":\"Meridian Muse\",\"description\":\"Helping your art to transcend boundaries\",\"publisher\":{\"@id\":\"https:\\\/\\\/meridian-muse.com\\\/#organization\"},\"potentialAction\":[{\"@type\":\"SearchAction\",\"target\":{\"@type\":\"EntryPoint\",\"urlTemplate\":\"https:\\\/\\\/meridian-muse.com\\\/?s={search_term_string}\"},\"query-input\":{\"@type\":\"PropertyValueSpecification\",\"valueRequired\":true,\"valueName\":\"search_term_string\"}}],\"inLanguage\":\"es\"},{\"@type\":\"Organization\",\"@id\":\"https:\\\/\\\/meridian-muse.com\\\/#organization\",\"name\":\"MERIDIAN\",\"url\":\"https:\\\/\\\/meridian-muse.com\\\/\",\"logo\":{\"@type\":\"ImageObject\",\"inLanguage\":\"es\",\"@id\":\"https:\\\/\\\/meridian-muse.com\\\/#\\\/schema\\\/logo\\\/image\\\/\",\"url\":\"\",\"contentUrl\":\"\",\"caption\":\"MERIDIAN\"},\"image\":{\"@id\":\"https:\\\/\\\/meridian-muse.com\\\/#\\\/schema\\\/logo\\\/image\\\/\"},\"sameAs\":[\"https:\\\/\\\/www.facebook.com\\\/meridianmuse.art\",\"https:\\\/\\\/www.instagram.com\\\/meridianmuse.art\",\"https:\\\/\\\/www.linkedin.com\\\/in\\\/salom\u00e9-salazar-m-a-97269148\\\/\"]}]}<\/script>\n<!-- \/ Yoast SEO plugin. -->","yoast_head_json":{"title":"SERVICES - Meridian Muse","robots":{"index":"index","follow":"follow","max-snippet":"max-snippet:-1","max-image-preview":"max-image-preview:large","max-video-preview":"max-video-preview:-1"},"canonical":"https:\/\/meridian-muse.com\/es\/services\/","og_locale":"es_MX","og_type":"article","og_title":"SERVICES - Meridian Muse","og_description":"MAKE YOUR ART TRANSCEND BOUNDARIESAppeal to a truly international crowd with multilingual live translation at your event.Attract Spanish-speaking audiences with compelling texts.Boost audiences\u2019 engagement with a compelling Spanish voice.","og_url":"https:\/\/meridian-muse.com\/es\/services\/","og_site_name":"Meridian Muse","article_publisher":"https:\/\/www.facebook.com\/meridianmuse.art","article_modified_time":"2024-05-07T19:37:48+00:00","og_image":[{"width":2560,"height":1707,"url":"https:\/\/meridian-muse.com\/wp-content\/uploads\/2020\/11\/about-salome-meridian-translation-scaled.jpg","type":"image\/jpeg"}],"twitter_card":"summary_large_image","schema":{"@context":"https:\/\/schema.org","@graph":[{"@type":"WebPage","@id":"https:\/\/meridian-muse.com\/services\/","url":"https:\/\/meridian-muse.com\/services\/","name":"SERVICES - Meridian Muse","isPartOf":{"@id":"https:\/\/meridian-muse.com\/#website"},"primaryImageOfPage":{"@id":"https:\/\/meridian-muse.com\/services\/#primaryimage"},"image":{"@id":"https:\/\/meridian-muse.com\/services\/#primaryimage"},"thumbnailUrl":"https:\/\/meridian-muse.com\/wp-content\/uploads\/2020\/11\/about-salome-meridian-translation-scaled.jpg","datePublished":"2020-09-25T17:56:53+00:00","dateModified":"2024-05-07T19:37:48+00:00","breadcrumb":{"@id":"https:\/\/meridian-muse.com\/services\/#breadcrumb"},"inLanguage":"es","potentialAction":[{"@type":"ReadAction","target":["https:\/\/meridian-muse.com\/services\/"]}]},{"@type":"ImageObject","inLanguage":"es","@id":"https:\/\/meridian-muse.com\/services\/#primaryimage","url":"https:\/\/meridian-muse.com\/wp-content\/uploads\/2020\/11\/about-salome-meridian-translation-scaled.jpg","contentUrl":"https:\/\/meridian-muse.com\/wp-content\/uploads\/2020\/11\/about-salome-meridian-translation-scaled.jpg","width":2560,"height":1707},{"@type":"BreadcrumbList","@id":"https:\/\/meridian-muse.com\/services\/#breadcrumb","itemListElement":[{"@type":"ListItem","position":1,"name":"Accueil","item":"https:\/\/meridian-muse.com\/"},{"@type":"ListItem","position":2,"name":"SERVICES"}]},{"@type":"WebSite","@id":"https:\/\/meridian-muse.com\/#website","url":"https:\/\/meridian-muse.com\/","name":"musa meridiana","description":"Ayudando a tu arte a trascender fronteras","publisher":{"@id":"https:\/\/meridian-muse.com\/#organization"},"potentialAction":[{"@type":"SearchAction","target":{"@type":"EntryPoint","urlTemplate":"https:\/\/meridian-muse.com\/?s={search_term_string}"},"query-input":{"@type":"PropertyValueSpecification","valueRequired":true,"valueName":"search_term_string"}}],"inLanguage":"es"},{"@type":"Organization","@id":"https:\/\/meridian-muse.com\/#organization","name":"MERIDIANO","url":"https:\/\/meridian-muse.com\/","logo":{"@type":"ImageObject","inLanguage":"es","@id":"https:\/\/meridian-muse.com\/#\/schema\/logo\/image\/","url":"","contentUrl":"","caption":"MERIDIAN"},"image":{"@id":"https:\/\/meridian-muse.com\/#\/schema\/logo\/image\/"},"sameAs":["https:\/\/www.facebook.com\/meridianmuse.art","https:\/\/www.instagram.com\/meridianmuse.art","https:\/\/www.linkedin.com\/in\/salom\u00e9-salazar-m-a-97269148\/"]}]}},"_links":{"self":[{"href":"https:\/\/meridian-muse.com\/es\/wp-json\/wp\/v2\/pages\/106","targetHints":{"allow":["GET"]}}],"collection":[{"href":"https:\/\/meridian-muse.com\/es\/wp-json\/wp\/v2\/pages"}],"about":[{"href":"https:\/\/meridian-muse.com\/es\/wp-json\/wp\/v2\/types\/page"}],"author":[{"embeddable":true,"href":"https:\/\/meridian-muse.com\/es\/wp-json\/wp\/v2\/users\/1"}],"replies":[{"embeddable":true,"href":"https:\/\/meridian-muse.com\/es\/wp-json\/wp\/v2\/comments?post=106"}],"version-history":[{"count":90,"href":"https:\/\/meridian-muse.com\/es\/wp-json\/wp\/v2\/pages\/106\/revisions"}],"predecessor-version":[{"id":4631,"href":"https:\/\/meridian-muse.com\/es\/wp-json\/wp\/v2\/pages\/106\/revisions\/4631"}],"wp:featuredmedia":[{"embeddable":true,"href":"https:\/\/meridian-muse.com\/es\/wp-json\/wp\/v2\/media\/919"}],"wp:attachment":[{"href":"https:\/\/meridian-muse.com\/es\/wp-json\/wp\/v2\/media?parent=106"}],"curies":[{"name":"wp","href":"https:\/\/api.w.org\/{rel}","templated":true}]}}